{"id":5498,"date":"2023-05-17T10:44:30","date_gmt":"2023-05-17T07:44:30","guid":{"rendered":"https:\/\/hasvida.com.tr\/produkte\/"},"modified":"2025-02-25T12:50:43","modified_gmt":"2025-02-25T09:50:43","slug":"produkte","status":"publish","type":"page","link":"https:\/\/hasvida.com.tr\/de\/produkte\/","title":{"rendered":"Produkte"},"content":{"rendered":"<h1>Produkte speziell f\u00fcr Sie!<\/h1>\n<p>Als Has Vida stellen wir mit einer 53 j\u00e4hrigen Berufserfahrung im Sektor spezielle Schrauben und Verbindungselemente f\u00fcr den Bedarf der Sektoren Fahrzeuge, Elektrotechnik und Haushaltswaren her.<\/p>\n<p>\t\t\t\t\t\t\t\t\t\t\t\t\t\t\t<img fetchpriority=\"high\" decoding=\"async\" width=\"800\" height=\"800\" src=\"https:\/\/hasvida.com.tr\/wp-content\/uploads\/2023\/08\/has-vida-fasteners-screws-in-machine.jpg\" alt=\"\" srcset=\"https:\/\/hasvida.com.tr\/wp-content\/uploads\/2023\/08\/has-vida-fasteners-screws-in-machine.jpg 940w, https:\/\/hasvida.com.tr\/wp-content\/uploads\/2023\/08\/has-vida-fasteners-screws-in-machine-300x300.jpg 300w, https:\/\/hasvida.com.tr\/wp-content\/uploads\/2023\/08\/has-vida-fasteners-screws-in-machine-150x150.jpg 150w, https:\/\/hasvida.com.tr\/wp-content\/uploads\/2023\/08\/has-vida-fasteners-screws-in-machine-768x768.jpg 768w\" sizes=\"(max-width: 800px) 100vw, 800px\" \/><br \/>\n\t\t\t<svg xmlns=\"http:\/\/www.w3.org\/2000\/svg\" id=\"a\" viewBox=\"0 0 1000 1000\"><defs><\/p>\n<style>.b{stroke-width:0px;}<\/style>\n<p><\/defs><path d=\"m898.64,530.82l-51.66-51.66c8.19-39.09,7.75-80.24-1.33-119.13-9.22-39.5-27.46-77.15-52.72-108.89-.58-.72-1.41-1.19-2.33-1.3l-.7-.08c-1.07-.12-2.13.24-2.88,1l-9.41,9.41-37.93-37.93,9.67-9.78c.7-.71,1.06-1.68,1.01-2.67-.06-.99-.54-1.91-1.31-2.53-31.73-25.27-69.39-43.5-108.89-52.73-38.89-9.08-80.03-9.52-119.13-1.33l-51.66-51.66c-1.15-1.15-2.93-1.35-4.31-.5-17.62,10.86-32.68,25.92-43.54,43.54-.84,1.37-.65,3.13.47,4.28l5.54,5.68,127.01,127.01-9.91,42.95c-.15.65-.1,1.32.11,1.94-.24-.13-.5-.24-.76-.31l-33.73-9.2c-1.2-.33-2.49,0-3.38.89-.89.88-1.24,2.16-.93,3.37l8.31,32.17-28.58,28.58-31.77-8.66c-1.2-.33-2.49,0-3.38.89-.89.88-1.24,2.16-.93,3.37l8.31,32.17-28.6,28.6-32.17-8.32c-1.21-.31-2.49.04-3.37.93-.88.89-1.21,2.17-.89,3.38l8.66,31.77-28.94,28.94-31.77-8.67c-1.21-.33-2.51.01-3.4.9s-1.23,2.18-.9,3.4l8.66,31.77-28.94,28.94-31.77-8.66c-1.2-.33-2.49,0-3.38.89-.89.88-1.24,2.16-.93,3.37l8.31,32.17-28.6,28.6-32.17-8.31c-1.21-.31-2.49.04-3.37.93-.88.89-1.21,2.17-.89,3.38l8.66,31.77-28.58,28.58-32.17-8.31c-1.28-.33-2.65.09-3.52,1.09s-1.1,2.41-.59,3.63l15.16,36.59-15.58,37.04-28.63-5.59c-1.3-.25-2.63.25-3.44,1.29-.81,1.05-.96,2.46-.39,3.66l17.72,36.92-51.52,124.27c-.54,1.31-.24,2.81.76,3.81.67.67,1.57,1.03,2.48,1.03.45,0,.9-.09,1.33-.26l150.25-62,39.06,11.53c.33.1.66.14.99.14.79,0,1.56-.27,2.19-.77.89-.72,1.38-1.83,1.3-2.97l-1.75-25.48,24.14-10.14c.42-.18.8-.43,1.12-.75l13.15-13.15,32.17,8.31c.29.08.58.11.88.11.92,0,1.83-.37,2.49-1.04.88-.89,1.21-2.17.89-3.38l-8.66-31.77,28.94-28.94,31.77,8.66c.3.08.61.12.92.12.92,0,1.81-.36,2.48-1.03.89-.89,1.23-2.18.9-3.4l-8.66-31.77,28.94-28.94,31.77,8.66c.3.08.61.12.92.12.91,0,1.79-.35,2.46-1.01.89-.88,1.24-2.16.93-3.37l-8.31-32.17,28.6-28.6,32.17,8.31c.29.08.58.11.88.11.92,0,1.83-.37,2.49-1.04.88-.89,1.21-2.17.89-3.38l-8.66-31.77,28.94-28.94,31.77,8.66c.3.08.61.12.92.12.92,0,1.81-.36,2.47-1.03.89-.89,1.23-2.18.9-3.4l-8.66-31.77,28.94-28.94,31.77,8.66c.3.08.61.12.92.12.91,0,1.79-.35,2.46-1.01.89-.88,1.24-2.16.93-3.37l-8.31-32.17,30.45-30.45,41.97-9.69,127.41,127.41,5.66,5.52c.67.66,1.55.99,2.44.99.63,0,1.27-.17,1.84-.52,17.62-10.86,32.68-25.92,43.54-43.54.85-1.38.64-3.16-.5-4.31Zm-260.08-369.47c37.23,8.7,72.78,25.6,103.05,48.98l-9.36,9.47c-1.35,1.37-1.35,3.57.01,4.94l42.86,42.86c1.37,1.37,3.58,1.37,4.95,0l9.45-9.45c23.55,30.36,40.57,66.07,49.3,103.47,8.5,36.41,9.24,74.85,2.21,111.6l-314.07-314.07c36.75-7.04,75.19-6.29,111.6,2.21Zm-204.05-9.72c.15-.08.3-.15.43-.25l2.88-2.11,13.75,19.43-17.07-17.07Zm29.89,29.89c.07-.04.15-.06.22-.11l3.33-2.08,13.9,19.64-17.45-17.45Zm30.28,30.28c.07-.04.15-.06.22-.11l3.33-2.08,13.9,19.64-17.45-17.45Zm30.28,30.28c.15-.08.3-.15.43-.25l2.89-2.12,14,19.69-17.32-17.32Zm30.28,30.28c.15-.08.3-.16.43-.26l2.88-2.11,13.75,19.43-17.07-17.07Zm-13.95,60.29l27.22,25.63-41.23-29.45,14.01,3.82Zm41.03,44.09l-61.23-24.91-5.97-23.09,67.19,48Zm56.58,109.81l6.05,23.43-174.1-124.84,14.44,3.94,153.61,97.47Zm-20.44,19.46l-153.61-97.47-6.05-23.43,174.1,124.84-14.44-3.94Zm-36.26,37.27l6.26,22.95-174.8-124.76,15.31,3.96,153.23,97.86Zm-20.08,19.07l-153.63-97.49-6.26-22.94,174.21,124.34-14.32-3.91Zm-36.26,37.28l6.26,22.94-174.21-124.34,14.32,3.91,153.63,97.49Zm-20.48,19.43l-153.23-97.86-6.26-22.95,174.8,124.76-15.31-3.96Zm-35.89,36.89l6.05,23.43-174.1-124.84,14.44,3.94,153.61,97.48Zm-20.44,19.46l-153.61-97.47-6.05-23.43,174.1,124.84-14.44-3.94Zm-36.26,37.27l6.26,22.95-174.8-124.76,15.31,3.96,153.23,97.86Zm-20.08,19.07l-153.63-97.49-6.26-22.94,174.21,124.34-14.32-3.91Zm-36.26,37.27l6.26,22.95-174.8-124.76,15.31,3.96,153.23,97.86Zm-20.48,19.44l-146.92-93.77-10.62-25.64,172.86,123.37-15.31-3.96Zm-79.28,41.81l-98.01-62.44-12.04-25.07,130.01,93.41-19.97-5.9Zm33.49-10.88l1.29,18.79-138.85-99.76,15.06,2.94,122.51,78.03Zm-179.88,70.11l47.3-114.06,90.07,57.38-137.36,56.68Zm207.71-86.19l-24.12,10.14-120.52-76.77,14.49-34.46,141.15,90.09-11,11Zm40.98-40.98l-148.8-95.02,26.36-26.36,149.17,94.66-26.73,26.73Zm56.34-56.34l-148.8-95.02,26.37-26.36,149.17,94.66-26.73,26.73Zm56.72-56.72l-149.17-94.66,26.73-26.73,148.8,95.02-26.36,26.36Zm56.34-56.34l-149.17-94.66,26.74-26.74,149.17,94.66-26.74,26.74Zm56.35-56.35l-148.8-95.02,26.36-26.36,149.17,94.66-26.73,26.73Zm56.72-56.72l-149.17-94.66,26.7-26.7,88.24,35.89c.44.19.91.28,1.38.28,1,0,1.98-.43,2.67-1.25l58.3,58.3-28.12,28.12Zm34.17-31.97l-123.73-123.73,8.49-36.8,152.04,152.04-36.8,8.49Zm-90.48-145.67c.07-.04.15-.06.22-.11l3.33-2.08,13.9,19.64-17.45-17.45Zm30.28,30.28c.15-.08.29-.16.43-.25l2.89-2.12,14,19.68-17.31-17.31Zm30.28,30.28c.15-.08.3-.15.43-.25l2.88-2.12,14,19.69-17.31-17.31Zm30.28,30.28c.15-.08.3-.15.43-.25l2.88-2.11,13.75,19.43-17.06-17.06Zm29.89,29.89c.07-.04.15-.06.22-.11l3.33-2.08,13.9,19.64-17.45-17.45Zm30.28,30.28c.15-.08.29-.16.43-.25l2.89-2.12,14,19.69-17.32-17.32Zm30.28,30.28c.15-.08.3-.16.43-.26l2.88-2.11,13.75,19.43-17.07-17.07Zm29.89,29.89c.07-.04.15-.06.22-.11l3.33-2.08,13.9,19.64-17.45-17.45Zm30.28,30.28c.07-.04.15-.06.22-.11l3.33-2.08,13.9,19.64-17.45-17.45Zm31.38,25.02l-24.03-33.95c-1.07-1.51-3.14-1.93-4.71-.95l-3.33,2.08-22.24-31.41c-1.07-1.51-3.14-1.93-4.71-.95l-3.33,2.08-22.24-31.41c-.54-.77-1.37-1.28-2.3-1.43-.92-.15-1.87.08-2.63.63l-2.88,2.12-22.47-31.6c-.54-.76-1.37-1.28-2.29-1.43-.92-.15-1.87.08-2.63.63l-2.88,2.11-22.09-31.21c-1.07-1.51-3.14-1.93-4.71-.95l-3.33,2.08-22.24-31.41c-.54-.77-1.37-1.28-2.29-1.43-.93-.15-1.88.08-2.63.63l-2.89,2.12-22.47-31.6c-.54-.76-1.37-1.28-2.29-1.43-.92-.15-1.87.08-2.63.63l-2.88,2.12-22.47-31.6c-.54-.76-1.37-1.28-2.29-1.43-.92-.15-1.87.08-2.63.63l-2.88,2.11-22.09-31.21c-1.07-1.51-3.14-1.93-4.71-.95l-3.33,2.08-22.24-31.41c-.54-.77-1.37-1.28-2.29-1.43-.93-.15-1.88.08-2.63.63l-2.89,2.12-22.47-31.6c-.54-.76-1.37-1.28-2.29-1.43-.93-.15-1.87.08-2.63.63l-2.88,2.11-22.09-31.21c-1.07-1.51-3.14-1.93-4.71-.95l-3.33,2.08-22.24-31.41c-1.07-1.51-3.14-1.93-4.71-.95l-3.33,2.08-22.24-31.41c-.54-.77-1.37-1.28-2.3-1.43-.92-.15-1.87.08-2.63.63l-2.73,2-.68-1.06-3.29,2.09c9.55-14.34,22.08-26.72,36.54-36.08l425.32,425.32c-8.85,13.67-20.39,25.6-33.74,34.94Z\"><\/path><\/svg>\t\t\t<\/p>\n<h2>Schrauben &amp; Bolzen<\/h2>\n<p>Als Has Vida bieten wir eine breite Produktpalette mit anpassbaren technischen Merkmalen in unserem Schrauben &amp; Bolzen-Katalog. <\/p>\n<p>\t\t\t\t\t<a role=\"button\"><br \/>\n\t\t\t\t\t\t\t\t\tEntdecken Sie!<br \/>\n\t\t\t\t\t<\/a><br \/>\n\t\t\t<svg xmlns=\"http:\/\/www.w3.org\/2000\/svg\" id=\"a\" viewBox=\"0 0 1000 1000\"><defs><\/p>\n<style>.b{stroke-width:0px;}<\/style>\n<p><\/defs><path d=\"m962.33,450.87l-121.92-121.92-169.51-169.51-121.92-121.92c-1.31-1.31-3.64-1.31-4.95,0l-41.37,41.37c-1.37,1.37-1.37,3.58,0,4.95l60.18,60.18c5.41,5.41,5.41,14.21,0,19.62L37.67,688.81c-.66.66-1.03,1.55-1.03,2.47s.37,1.82,1.03,2.47l268.73,268.73c.68.68,1.58,1.03,2.47,1.03s1.79-.34,2.47-1.03L836.52,437.31c5.41-5.41,14.21-5.41,19.62,0l59.87,59.87c1.31,1.31,3.64,1.31,4.95,0l41.37-41.37c1.37-1.37,1.37-3.58,0-4.95Zm-68.78-58.88h-136.13l30.01-30.01h76.1l30.01,30.01Zm-37.01-37.01h-62.1l20.06-20.06h21.98l20.06,20.06Zm-184.62-168.19v-16.43l157.56,157.56h-16.43c-.93,0-1.82.37-2.47,1.03l-139.58,139.58-21.67.27-117.99-117.99v-21.98l139.56-139.56c.66-.66,1.03-1.55,1.03-2.47Zm-7-23.43v6.24l-97.87-.28.74-.74c8.07-8.07,8.13-21.14.2-29.3h72.86l24.08,24.08Zm-118.42-118.42l13.01,13.01h-26.02l13.01-13.01Zm-36.42,36.42l16.41-16.41h40.02l30.01,30.01h-72.83l-13.61-13.61Zm50.93,50.93l-30.32-30.32h72.83l30.32,30.32h-72.83Zm-.94,44.02l104.85.3v8.75l-20.97,20.97-114.18.29,30.3-30.3Zm-37.32,37.32l114.18-.29-30.3,30.3h-113.89l30.02-30.02Zm-37.02,37.02h113.89l-30.01,30.01h-113.89l30.01-30.01Zm-37.01,37.01h113.89l-30.02,30.02-114.18.29,30.3-30.3Zm-37.32,37.32l114.18-.29-.22.22c-.66.66-1.03,1.55-1.03,2.47v24.88c0,.93.37,1.82,1.03,2.47l.25.25h-144.22l30.02-30.02Zm-37.02,37.02h158.22l30.02,30.02-218.55.29,30.31-30.31Zm-37.32,37.32l232.55-.31,30.32,30.32h-292.89l30.01-30.01Zm-37.01,37.01h306.89l30.01,30.01h-366.91l30.01-30.01Zm-74.33,74.33l147.15-.29-30,30-147.15.29,30-30Zm-37.01,37.01l147.15-.29-30.31,30.31h-146.86l30.02-30.02Zm-37.02,37.02h146.86l-30.02,30.02-147.15.29,30.31-30.31Zm-37.32,37.32l147.15-.29-30.31,30.31H84.36l30.02-30.02Zm-37.02,37.02h146.86l-10.11,10.11h-19.08c-.93,0-1.82.37-2.47,1.03l-18.88,18.88H47.35l30.01-30.01Zm-27.52,37.01h116.84l-30.32,30.32h-56.2l-30.32-30.32Zm37.32,37.32h42.2l-21.1,21.1-21.1-21.1Zm26.05,26.05l83.28-83.28h19.08c.93,0,1.82-.37,2.47-1.03l178.75-178.75h30.69l76.32,76.32-.28,30.38-178.76,178.76c-.67.67-1.04,1.58-1.03,2.53l.29,19.36-83.26,83.26-127.55-127.55Zm201.68,189.65h-12.03l-30.29-30.29,72.37.25-30.04,30.04Zm37.02-37.02l-86.37-.3-19.83-19.83,9.88-9.88,126.62-.29-30.3,30.3Zm37.32-37.32l-126.62.29,30.3-30.3h126.33l-30.02,30.02Zm37.02-37.02h-126.33l30.1-30.1c.07-.07.11-.14.17-.21l126.09.29-30.03,30.03Zm37.01-37.02l-132.29-.3-.22-14.67,15.35-15.35h147.48l-30.32,30.32Zm37.32-37.32h-147.48l30.32-30.32,147.19.29-30.03,30.03Zm37.02-37.02l-147.19-.29,30.03-30.03h147.48l-30.32,30.32Zm37.32-37.32h-147.48l30.01-30.01h147.48l-30.01,30.01Zm37.01-37.01h-147.48l30.32-30.32,147.19.29-30.03,30.03Zm37.02-37.02l-147.19-.29,7.73-7.73c.65-.65,1.02-1.53,1.03-2.44l.19-19.86h168.57l-30.32,30.32Zm37.32-37.32h-175.51l.06-6.42c0-.94-.36-1.84-1.03-2.51l-21.39-21.38,227.88.29-30.02,30.02Zm37.01-37.01l-241.88-.31-30.01-30.01,301.91.29-30.02,30.02Zm37.01-37.01l-315.91-.31-12.97-12.97c-.66-.66-1.55-1.03-2.47-1.03h-33.59c-.93,0-1.82.37-2.47,1.03l-12.97,12.97-147.15.29,30.31-30.31h380.91l1.46,1.46c.67.67,1.57,1.02,2.52,1.03l24.57-.31c.91-.01,1.79-.38,2.43-1.03l1.15-1.15h114.51l-30.32,30.32Zm37.32-37.32h-114.51l30.32-30.32,114.23.28-30.04,30.04Zm37.88-37.02l-115.09-.29,30.03-30.03h150.13l30.04,30.04-73.43.27c-6.64-4.04-15.05-4.04-21.69,0Zm83.01,60.45l-16.43-16.43h32.87l-16.43,16.43Zm23.43-23.43h-46.87l-30.05-30.05,72.56-.27,17.33,17.33-12.98,12.98Z\"><\/path><\/svg>\t\t\t<\/p>\n<h2>Nieten<\/h2>\n<p>Als Has Vida bieten wir eine breite Produktpalette mit anpassbaren technischen Merkmalen in unserem Nieten-Katalog. <\/p>\n<p>\t\t\t\t\t<a role=\"button\"><br \/>\n\t\t\t\t\t\t\t\t\tEntdecken Sie!<br \/>\n\t\t\t\t\t<\/a><br \/>\n\t\t\t\t\t\t\t\t\t\t\t\t\t\t\t<img decoding=\"async\" width=\"790\" height=\"424\" src=\"https:\/\/hasvida.com.tr\/wp-content\/uploads\/2023\/03\/fastaners-e1692598680394.jpg\" alt=\"\" srcset=\"https:\/\/hasvida.com.tr\/wp-content\/uploads\/2023\/03\/fastaners-e1692598680394.jpg 790w, https:\/\/hasvida.com.tr\/wp-content\/uploads\/2023\/03\/fastaners-e1692598680394-300x161.jpg 300w, https:\/\/hasvida.com.tr\/wp-content\/uploads\/2023\/03\/fastaners-e1692598680394-768x412.jpg 768w\" sizes=\"(max-width: 790px) 100vw, 790px\" \/>\t\t\t\t\t\t\t\t\t\t\t\t\t\t\t<\/p>\n<h2>Ihr innovativer L\u00f6sungspartner f\u00fcr Verbindungselemente<br \/>\n<\/h2>\n<p>F\u00fcr fehlerfreie Produkte, die internationalen Standards entsprechen:<\/p>\n<p>\t\t\t\t\t<a role=\"button\"><br \/>\n\t\t\t\t\t\t\t\t\tAngebot Einholen<br \/>\n\t\t\t\t\t<\/a><\/p>\n","protected":false},"excerpt":{"rendered":"<p>Produkte speziell f\u00fcr Sie! Als Has Vida stellen wir mit einer 53 j\u00e4hrigen Berufserfahrung im Sektor spezielle Schrauben und Verbindungselemente f\u00fcr den Bedarf der Sektoren Fahrzeuge, Elektrotechnik und Haushaltswaren her. Schrauben &amp; Bolzen Als Has Vida bieten wir eine breite Produktpalette mit anpassbaren technischen Merkmalen in unserem Schrauben &amp; Bolzen-Katalog. Entdecken Sie! Nieten Als Has [&hellip;]<\/p>\n","protected":false},"author":1,"featured_media":0,"parent":0,"menu_order":3,"comment_status":"closed","ping_status":"closed","template":"","meta":{"footnotes":""},"class_list":["post-5498","page","type-page","status-publish","hentry"],"meta_box":[],"_links":{"self":[{"href":"https:\/\/hasvida.com.tr\/de\/wp-json\/wp\/v2\/pages\/5498","targetHints":{"allow":["GET"]}}],"collection":[{"href":"https:\/\/hasvida.com.tr\/de\/wp-json\/wp\/v2\/pages"}],"about":[{"href":"https:\/\/hasvida.com.tr\/de\/wp-json\/wp\/v2\/types\/page"}],"author":[{"embeddable":true,"href":"https:\/\/hasvida.com.tr\/de\/wp-json\/wp\/v2\/users\/1"}],"replies":[{"embeddable":true,"href":"https:\/\/hasvida.com.tr\/de\/wp-json\/wp\/v2\/comments?post=5498"}],"version-history":[{"count":7,"href":"https:\/\/hasvida.com.tr\/de\/wp-json\/wp\/v2\/pages\/5498\/revisions"}],"predecessor-version":[{"id":6726,"href":"https:\/\/hasvida.com.tr\/de\/wp-json\/wp\/v2\/pages\/5498\/revisions\/6726"}],"wp:attachment":[{"href":"https:\/\/hasvida.com.tr\/de\/wp-json\/wp\/v2\/media?parent=5498"}],"curies":[{"name":"wp","href":"https:\/\/api.w.org\/{rel}","templated":true}]}}